{"id":3479,"date":"2021-08-14T05:09:24","date_gmt":"2021-08-14T05:09:24","guid":{"rendered":"http:\/\/new.paxinnovations.com\/shop\/?post_type=product&#038;p=3479"},"modified":"2021-12-17T13:46:12","modified_gmt":"2021-12-17T18:46:12","slug":"pulverisateur-electrostatique-pax50","status":"publish","type":"product","link":"https:\/\/paxinnovations.com\/shop\/product\/pulverisateur-electrostatique-pax50\/","title":{"rendered":"Pulv\u00e9risateur \u00c9lectrostatique PAX 50"},"content":{"rendered":"<h4>Id\u00e9al pour la maison et les petites entreprises<\/h4>\n","protected":false},"excerpt":{"rendered":"<h4>Pour la maison et les petites entreprises<\/h4>\n<p>Con\u00e7u et fabriqu\u00e9 au Canada, le pulv\u00e9risateur \u00e9lectrostatique portatif PAX-50 couvre jusqu&#8217;\u00e0 6 000 pieds carr\u00e9s avec un seul r\u00e9servoir de 600 ml. Utilisez tout liquide d\u00e9sinfectant approuv\u00e9 par Sant\u00e9 Canada avec le pulv\u00e9risateur \u00e9lectrostatique manuel PAX-50. Le d\u00e9sinfectant doit \u00eatre soluble dans l&#8217;eau. D\u00e9sinfectez une pi\u00e8ce de taille moyenne avec le pulv\u00e9risateur \u00e9lectrostatique manuel PAX-50 en moins de 30 secondes. <a href=\"\/shop\/wp-content\/uploads\/2021\/08\/General-Brochure-PAX-50-EN-Canada-v4.pdf\"><u>T\u00e9l\u00e9charger la brochure<\/u><\/a><\/p>\n<p>\u2022<strong>MSRP<\/strong> : 745,00 $ CAD<br \/>\n\u2022<strong>Livraison gratuite<\/strong> \u00e0 travers le Canada.<br \/>\n\u2022<strong>Temps de livraison<\/strong>: 1-9 jours<br \/>\n\u2022<strong>Garantie<\/strong> : 1 an<\/p>\n","protected":false},"featured_media":3327,"comment_status":"open","ping_status":"closed","template":"","meta":[],"product_cat":[15],"product_tag":[],"yoast_head":"<!-- This site is optimized with the Yoast SEO plugin v16.9 - https:\/\/yoast.com\/wordpress\/plugins\/seo\/ -->\n<title>Pulv\u00e9risateur \u00c9lectrostatique PAX 50 - Pax Innovations<\/title>\n<meta name=\"description\" content=\"D\u00e9sinfectez une pi\u00e8ce enti\u00e8re de taille moyenne en moins d&#039;une minute avec le pulv\u00e9risateur \u00e9lectrostatique portatif PAX-50.\" \/>\n<meta name=\"robots\" content=\"index, follow, max-snippet:-1, max-image-preview:large, max-video-preview:-1\" \/>\n<link rel=\"canonical\" href=\"https:\/\/paxinnovations.com\/shop\/product\/pulverisateur-electrostatique-pax50\/\" \/>\n<meta property=\"og:locale\" content=\"en_US\" \/>\n<meta property=\"og:type\" content=\"article\" \/>\n<meta property=\"og:title\" content=\"Pulv\u00e9risateur \u00c9lectrostatique PAX 50 - Pax Innovations\" \/>\n<meta property=\"og:description\" content=\"D\u00e9sinfectez une pi\u00e8ce enti\u00e8re de taille moyenne en moins d&#039;une minute avec le pulv\u00e9risateur \u00e9lectrostatique portatif PAX-50.\" \/>\n<meta property=\"og:url\" content=\"https:\/\/paxinnovations.com\/shop\/product\/pulverisateur-electrostatique-pax50\/\" \/>\n<meta property=\"og:site_name\" content=\"Pax Innovations\" \/>\n<meta property=\"article:modified_time\" content=\"2021-12-17T18:46:12+00:00\" \/>\n<meta property=\"og:image\" content=\"https:\/\/paxinnovations.com\/shop\/wp-content\/uploads\/2021\/07\/pax-50-main.jpg\" \/>\n\t<meta property=\"og:image:width\" content=\"545\" \/>\n\t<meta property=\"og:image:height\" content=\"360\" \/>\n<meta name=\"twitter:card\" content=\"summary_large_image\" \/>\n<meta name=\"twitter:label1\" content=\"Est. reading time\" \/>\n\t<meta name=\"twitter:data1\" content=\"1 minute\" \/>\n<script type=\"application\/ld+json\" class=\"yoast-schema-graph\">{\"@context\":\"https:\/\/schema.org\",\"@graph\":[{\"@type\":\"WebSite\",\"@id\":\"https:\/\/paxinnovations.com\/shop\/#website\",\"url\":\"https:\/\/paxinnovations.com\/shop\/\",\"name\":\"Pax Innovations\",\"description\":\"Electrostatic Sprayer\",\"potentialAction\":[{\"@type\":\"SearchAction\",\"target\":{\"@type\":\"EntryPoint\",\"urlTemplate\":\"https:\/\/paxinnovations.com\/shop\/?s={search_term_string}\"},\"query-input\":\"required name=search_term_string\"}],\"inLanguage\":\"en\"},{\"@type\":\"ImageObject\",\"@id\":\"https:\/\/paxinnovations.com\/shop\/product\/pulverisateur-electrostatique-pax50\/#primaryimage\",\"inLanguage\":\"en\",\"url\":\"https:\/\/paxinnovations.com\/shop\/wp-content\/uploads\/2021\/07\/pax-50-main.jpg\",\"contentUrl\":\"https:\/\/paxinnovations.com\/shop\/wp-content\/uploads\/2021\/07\/pax-50-main.jpg\",\"width\":545,\"height\":360},{\"@type\":\"WebPage\",\"@id\":\"https:\/\/paxinnovations.com\/shop\/product\/pulverisateur-electrostatique-pax50\/#webpage\",\"url\":\"https:\/\/paxinnovations.com\/shop\/product\/pulverisateur-electrostatique-pax50\/\",\"name\":\"Pulv\\u00e9risateur \\u00c9lectrostatique PAX 50 - Pax Innovations\",\"isPartOf\":{\"@id\":\"https:\/\/paxinnovations.com\/shop\/#website\"},\"primaryImageOfPage\":{\"@id\":\"https:\/\/paxinnovations.com\/shop\/product\/pulverisateur-electrostatique-pax50\/#primaryimage\"},\"datePublished\":\"2021-08-14T05:09:24+00:00\",\"dateModified\":\"2021-12-17T18:46:12+00:00\",\"description\":\"D\\u00e9sinfectez une pi\\u00e8ce enti\\u00e8re de taille moyenne en moins d'une minute avec le pulv\\u00e9risateur \\u00e9lectrostatique portatif PAX-50.\",\"breadcrumb\":{\"@id\":\"https:\/\/paxinnovations.com\/shop\/product\/pulverisateur-electrostatique-pax50\/#breadcrumb\"},\"inLanguage\":\"en\",\"potentialAction\":[{\"@type\":\"ReadAction\",\"target\":[\"https:\/\/paxinnovations.com\/shop\/product\/pulverisateur-electrostatique-pax50\/\"]}]},{\"@type\":\"BreadcrumbList\",\"@id\":\"https:\/\/paxinnovations.com\/shop\/product\/pulverisateur-electrostatique-pax50\/#breadcrumb\",\"itemListElement\":[{\"@type\":\"ListItem\",\"position\":1,\"name\":\"Home\",\"item\":\"https:\/\/paxinnovations.com\/shop\/produits\/\"},{\"@type\":\"ListItem\",\"position\":2,\"name\":\"Products\",\"item\":\"https:\/\/paxinnovations.com\/shop\/products-2\/\"},{\"@type\":\"ListItem\",\"position\":3,\"name\":\"Pulv\\u00e9risateur \\u00c9lectrostatique PAX 50\"}]}]}<\/script>\n<!-- \/ Yoast SEO plugin. -->","yoast_head_json":{"title":"Pulv\u00e9risateur \u00c9lectrostatique PAX 50 - Pax Innovations","description":"D\u00e9sinfectez une pi\u00e8ce enti\u00e8re de taille moyenne en moins d'une minute avec le pulv\u00e9risateur \u00e9lectrostatique portatif PAX-50.","robots":{"index":"index","follow":"follow","max-snippet":"max-snippet:-1","max-image-preview":"max-image-preview:large","max-video-preview":"max-video-preview:-1"},"canonical":"https:\/\/paxinnovations.com\/shop\/product\/pulverisateur-electrostatique-pax50\/","og_locale":"en_US","og_type":"article","og_title":"Pulv\u00e9risateur \u00c9lectrostatique PAX 50 - Pax Innovations","og_description":"D\u00e9sinfectez une pi\u00e8ce enti\u00e8re de taille moyenne en moins d'une minute avec le pulv\u00e9risateur \u00e9lectrostatique portatif PAX-50.","og_url":"https:\/\/paxinnovations.com\/shop\/product\/pulverisateur-electrostatique-pax50\/","og_site_name":"Pax Innovations","article_modified_time":"2021-12-17T18:46:12+00:00","og_image":[{"width":545,"height":360,"url":"https:\/\/paxinnovations.com\/shop\/wp-content\/uploads\/2021\/07\/pax-50-main.jpg","path":"\/home\/b7zbhe8s1j0v\/public_html\/shop\/wp-content\/uploads\/2021\/07\/pax-50-main.jpg","size":"full","id":3327,"alt":"","pixels":196200,"type":"image\/jpeg"}],"twitter_card":"summary_large_image","twitter_misc":{"Est. reading time":"1 minute"},"schema":{"@context":"https:\/\/schema.org","@graph":[{"@type":"WebSite","@id":"https:\/\/paxinnovations.com\/shop\/#website","url":"https:\/\/paxinnovations.com\/shop\/","name":"Pax Innovations","description":"Electrostatic Sprayer","potentialAction":[{"@type":"SearchAction","target":{"@type":"EntryPoint","urlTemplate":"https:\/\/paxinnovations.com\/shop\/?s={search_term_string}"},"query-input":"required name=search_term_string"}],"inLanguage":"en"},{"@type":"ImageObject","@id":"https:\/\/paxinnovations.com\/shop\/product\/pulverisateur-electrostatique-pax50\/#primaryimage","inLanguage":"en","url":"https:\/\/paxinnovations.com\/shop\/wp-content\/uploads\/2021\/07\/pax-50-main.jpg","contentUrl":"https:\/\/paxinnovations.com\/shop\/wp-content\/uploads\/2021\/07\/pax-50-main.jpg","width":545,"height":360},{"@type":"WebPage","@id":"https:\/\/paxinnovations.com\/shop\/product\/pulverisateur-electrostatique-pax50\/#webpage","url":"https:\/\/paxinnovations.com\/shop\/product\/pulverisateur-electrostatique-pax50\/","name":"Pulv\u00e9risateur \u00c9lectrostatique PAX 50 - Pax Innovations","isPartOf":{"@id":"https:\/\/paxinnovations.com\/shop\/#website"},"primaryImageOfPage":{"@id":"https:\/\/paxinnovations.com\/shop\/product\/pulverisateur-electrostatique-pax50\/#primaryimage"},"datePublished":"2021-08-14T05:09:24+00:00","dateModified":"2021-12-17T18:46:12+00:00","description":"D\u00e9sinfectez une pi\u00e8ce enti\u00e8re de taille moyenne en moins d'une minute avec le pulv\u00e9risateur \u00e9lectrostatique portatif PAX-50.","breadcrumb":{"@id":"https:\/\/paxinnovations.com\/shop\/product\/pulverisateur-electrostatique-pax50\/#breadcrumb"},"inLanguage":"en","potentialAction":[{"@type":"ReadAction","target":["https:\/\/paxinnovations.com\/shop\/product\/pulverisateur-electrostatique-pax50\/"]}]},{"@type":"BreadcrumbList","@id":"https:\/\/paxinnovations.com\/shop\/product\/pulverisateur-electrostatique-pax50\/#breadcrumb","itemListElement":[{"@type":"ListItem","position":1,"name":"Home","item":"https:\/\/paxinnovations.com\/shop\/produits\/"},{"@type":"ListItem","position":2,"name":"Products","item":"https:\/\/paxinnovations.com\/shop\/products-2\/"},{"@type":"ListItem","position":3,"name":"Pulv\u00e9risateur \u00c9lectrostatique PAX 50"}]}]}},"_links":{"self":[{"href":"https:\/\/paxinnovations.com\/shop\/wp-json\/wp\/v2\/product\/3479"}],"collection":[{"href":"https:\/\/paxinnovations.com\/shop\/wp-json\/wp\/v2\/product"}],"about":[{"href":"https:\/\/paxinnovations.com\/shop\/wp-json\/wp\/v2\/types\/product"}],"replies":[{"embeddable":true,"href":"https:\/\/paxinnovations.com\/shop\/wp-json\/wp\/v2\/comments?post=3479"}],"wp:featuredmedia":[{"embeddable":true,"href":"https:\/\/paxinnovations.com\/shop\/wp-json\/wp\/v2\/media\/3327"}],"wp:attachment":[{"href":"https:\/\/paxinnovations.com\/shop\/wp-json\/wp\/v2\/media?parent=3479"}],"wp:term":[{"taxonomy":"product_cat","embeddable":true,"href":"https:\/\/paxinnovations.com\/shop\/wp-json\/wp\/v2\/product_cat?post=3479"},{"taxonomy":"product_tag","embeddable":true,"href":"https:\/\/paxinnovations.com\/shop\/wp-json\/wp\/v2\/product_tag?post=3479"}],"curies":[{"name":"wp","href":"https:\/\/api.w.org\/{rel}","templated":true}]}}