{"id":3481,"date":"2021-08-14T05:13:20","date_gmt":"2021-08-14T05:13:20","guid":{"rendered":"http:\/\/new.paxinnovations.com\/shop\/?post_type=product&#038;p=3481"},"modified":"2021-12-17T13:44:47","modified_gmt":"2021-12-17T18:44:47","slug":"pulverisateur-electrostatique-pax100","status":"publish","type":"product","link":"https:\/\/paxinnovations.com\/shop\/product\/pulverisateur-electrostatique-pax100\/","title":{"rendered":"Pulv\u00e9risateur \u00c9lectrostatique PAX-100"},"content":{"rendered":"<h4>Pour une performance maximale et la long\u00e9vit\u00e9<\/h4>\n","protected":false},"excerpt":{"rendered":"<h4>Pour une performance maximale et la long\u00e9vit\u00e9<\/h4>\n<p>Con\u00e7u et fabriqu\u00e9 au Canada et dot\u00e9 d&#8217;une batterie d&#8217;une autonomie de <strong>huit heures<\/strong>, le pulv\u00e9risateur \u00e9lectrostatique portatif PAX-100 est parfait pour les espaces allant de 1 000 \u00e0 20 000 pi2. Comprend, entre autres, le pulv\u00e9risateur \u00e9lectrostatique sans fil, un chargeur pour sa batterie interne au lithium-ion de 14,4 V, un sac de transport et des produits chimiques s\u00fbrs pour nettoyer et d\u00e9sinfecter votre maison ou votre petite entreprise. <a href=\"\/shop\/wp-content\/uploads\/2021\/08\/General-Brochure-PAX-100-EN-Canada-v6.pdf\"><u>T\u00e9l\u00e9charger la brochure<\/u><\/a><\/p>\n<p>\u2022<strong>MSRP<\/strong> : 945,00 $ CAD<br \/>\n\u2022<strong>Livraison gratuite<\/strong> \u00e0 travers le Canada.<br \/>\n\u2022<strong>Temps de livraison<\/strong>: 1-9 jours<br \/>\n\u2022<strong>Compliance<\/strong> : CSA. UL<br \/>\n\u2022<strong>Garantie<\/strong> : 1 an<\/p>\n","protected":false},"featured_media":3328,"comment_status":"open","ping_status":"closed","template":"","meta":[],"product_cat":[15],"product_tag":[],"yoast_head":"<!-- This site is optimized with the Yoast SEO plugin v16.9 - https:\/\/yoast.com\/wordpress\/plugins\/seo\/ -->\n<title>Pulv\u00e9risateur \u00c9lectrostatique PAX-100 - Pax Innovations<\/title>\n<meta name=\"description\" content=\"Le pulv\u00e9risateur \u00e9lectrostatique portatif PAX-100 couvre jusqu&#039;\u00e0 6 000 pieds carr\u00e9s avec un seul r\u00e9servoir de 600 mL.\" \/>\n<meta name=\"robots\" content=\"index, follow, max-snippet:-1, max-image-preview:large, max-video-preview:-1\" \/>\n<link rel=\"canonical\" href=\"https:\/\/paxinnovations.com\/shop\/product\/pulverisateur-electrostatique-pax100\/\" \/>\n<meta property=\"og:locale\" content=\"en_US\" \/>\n<meta property=\"og:type\" content=\"article\" \/>\n<meta property=\"og:title\" content=\"Pulv\u00e9risateur \u00c9lectrostatique PAX-100 - Pax Innovations\" \/>\n<meta property=\"og:description\" content=\"Le pulv\u00e9risateur \u00e9lectrostatique portatif PAX-100 couvre jusqu&#039;\u00e0 6 000 pieds carr\u00e9s avec un seul r\u00e9servoir de 600 mL.\" \/>\n<meta property=\"og:url\" content=\"https:\/\/paxinnovations.com\/shop\/product\/pulverisateur-electrostatique-pax100\/\" \/>\n<meta property=\"og:site_name\" content=\"Pax Innovations\" \/>\n<meta property=\"article:modified_time\" content=\"2021-12-17T18:44:47+00:00\" \/>\n<meta property=\"og:image\" content=\"https:\/\/paxinnovations.com\/shop\/wp-content\/uploads\/2021\/07\/pax-100-main.jpg\" \/>\n\t<meta property=\"og:image:width\" content=\"545\" \/>\n\t<meta property=\"og:image:height\" content=\"360\" \/>\n<meta name=\"twitter:card\" content=\"summary_large_image\" \/>\n<meta name=\"twitter:label1\" content=\"Est. reading time\" \/>\n\t<meta name=\"twitter:data1\" content=\"1 minute\" \/>\n<script type=\"application\/ld+json\" class=\"yoast-schema-graph\">{\"@context\":\"https:\/\/schema.org\",\"@graph\":[{\"@type\":\"WebSite\",\"@id\":\"https:\/\/paxinnovations.com\/shop\/#website\",\"url\":\"https:\/\/paxinnovations.com\/shop\/\",\"name\":\"Pax Innovations\",\"description\":\"Electrostatic Sprayer\",\"potentialAction\":[{\"@type\":\"SearchAction\",\"target\":{\"@type\":\"EntryPoint\",\"urlTemplate\":\"https:\/\/paxinnovations.com\/shop\/?s={search_term_string}\"},\"query-input\":\"required name=search_term_string\"}],\"inLanguage\":\"en\"},{\"@type\":\"ImageObject\",\"@id\":\"https:\/\/paxinnovations.com\/shop\/product\/pulverisateur-electrostatique-pax100\/#primaryimage\",\"inLanguage\":\"en\",\"url\":\"https:\/\/paxinnovations.com\/shop\/wp-content\/uploads\/2021\/07\/pax-100-main.jpg\",\"contentUrl\":\"https:\/\/paxinnovations.com\/shop\/wp-content\/uploads\/2021\/07\/pax-100-main.jpg\",\"width\":545,\"height\":360},{\"@type\":\"WebPage\",\"@id\":\"https:\/\/paxinnovations.com\/shop\/product\/pulverisateur-electrostatique-pax100\/#webpage\",\"url\":\"https:\/\/paxinnovations.com\/shop\/product\/pulverisateur-electrostatique-pax100\/\",\"name\":\"Pulv\\u00e9risateur \\u00c9lectrostatique PAX-100 - Pax Innovations\",\"isPartOf\":{\"@id\":\"https:\/\/paxinnovations.com\/shop\/#website\"},\"primaryImageOfPage\":{\"@id\":\"https:\/\/paxinnovations.com\/shop\/product\/pulverisateur-electrostatique-pax100\/#primaryimage\"},\"datePublished\":\"2021-08-14T05:13:20+00:00\",\"dateModified\":\"2021-12-17T18:44:47+00:00\",\"description\":\"Le pulv\\u00e9risateur \\u00e9lectrostatique portatif PAX-100 couvre jusqu'\\u00e0 6 000 pieds carr\\u00e9s avec un seul r\\u00e9servoir de 600 mL.\",\"breadcrumb\":{\"@id\":\"https:\/\/paxinnovations.com\/shop\/product\/pulverisateur-electrostatique-pax100\/#breadcrumb\"},\"inLanguage\":\"en\",\"potentialAction\":[{\"@type\":\"ReadAction\",\"target\":[\"https:\/\/paxinnovations.com\/shop\/product\/pulverisateur-electrostatique-pax100\/\"]}]},{\"@type\":\"BreadcrumbList\",\"@id\":\"https:\/\/paxinnovations.com\/shop\/product\/pulverisateur-electrostatique-pax100\/#breadcrumb\",\"itemListElement\":[{\"@type\":\"ListItem\",\"position\":1,\"name\":\"Home\",\"item\":\"https:\/\/paxinnovations.com\/shop\/produits\/\"},{\"@type\":\"ListItem\",\"position\":2,\"name\":\"Products\",\"item\":\"https:\/\/paxinnovations.com\/shop\/products-2\/\"},{\"@type\":\"ListItem\",\"position\":3,\"name\":\"Pulv\\u00e9risateur \\u00c9lectrostatique PAX-100\"}]}]}<\/script>\n<!-- \/ Yoast SEO plugin. -->","yoast_head_json":{"title":"Pulv\u00e9risateur \u00c9lectrostatique PAX-100 - Pax Innovations","description":"Le pulv\u00e9risateur \u00e9lectrostatique portatif PAX-100 couvre jusqu'\u00e0 6 000 pieds carr\u00e9s avec un seul r\u00e9servoir de 600 mL.","robots":{"index":"index","follow":"follow","max-snippet":"max-snippet:-1","max-image-preview":"max-image-preview:large","max-video-preview":"max-video-preview:-1"},"canonical":"https:\/\/paxinnovations.com\/shop\/product\/pulverisateur-electrostatique-pax100\/","og_locale":"en_US","og_type":"article","og_title":"Pulv\u00e9risateur \u00c9lectrostatique PAX-100 - Pax Innovations","og_description":"Le pulv\u00e9risateur \u00e9lectrostatique portatif PAX-100 couvre jusqu'\u00e0 6 000 pieds carr\u00e9s avec un seul r\u00e9servoir de 600 mL.","og_url":"https:\/\/paxinnovations.com\/shop\/product\/pulverisateur-electrostatique-pax100\/","og_site_name":"Pax Innovations","article_modified_time":"2021-12-17T18:44:47+00:00","og_image":[{"width":545,"height":360,"url":"https:\/\/paxinnovations.com\/shop\/wp-content\/uploads\/2021\/07\/pax-100-main.jpg","path":"\/home\/b7zbhe8s1j0v\/public_html\/shop\/wp-content\/uploads\/2021\/07\/pax-100-main.jpg","size":"full","id":3328,"alt":"","pixels":196200,"type":"image\/jpeg"}],"twitter_card":"summary_large_image","twitter_misc":{"Est. reading time":"1 minute"},"schema":{"@context":"https:\/\/schema.org","@graph":[{"@type":"WebSite","@id":"https:\/\/paxinnovations.com\/shop\/#website","url":"https:\/\/paxinnovations.com\/shop\/","name":"Pax Innovations","description":"Electrostatic Sprayer","potentialAction":[{"@type":"SearchAction","target":{"@type":"EntryPoint","urlTemplate":"https:\/\/paxinnovations.com\/shop\/?s={search_term_string}"},"query-input":"required name=search_term_string"}],"inLanguage":"en"},{"@type":"ImageObject","@id":"https:\/\/paxinnovations.com\/shop\/product\/pulverisateur-electrostatique-pax100\/#primaryimage","inLanguage":"en","url":"https:\/\/paxinnovations.com\/shop\/wp-content\/uploads\/2021\/07\/pax-100-main.jpg","contentUrl":"https:\/\/paxinnovations.com\/shop\/wp-content\/uploads\/2021\/07\/pax-100-main.jpg","width":545,"height":360},{"@type":"WebPage","@id":"https:\/\/paxinnovations.com\/shop\/product\/pulverisateur-electrostatique-pax100\/#webpage","url":"https:\/\/paxinnovations.com\/shop\/product\/pulverisateur-electrostatique-pax100\/","name":"Pulv\u00e9risateur \u00c9lectrostatique PAX-100 - Pax Innovations","isPartOf":{"@id":"https:\/\/paxinnovations.com\/shop\/#website"},"primaryImageOfPage":{"@id":"https:\/\/paxinnovations.com\/shop\/product\/pulverisateur-electrostatique-pax100\/#primaryimage"},"datePublished":"2021-08-14T05:13:20+00:00","dateModified":"2021-12-17T18:44:47+00:00","description":"Le pulv\u00e9risateur \u00e9lectrostatique portatif PAX-100 couvre jusqu'\u00e0 6 000 pieds carr\u00e9s avec un seul r\u00e9servoir de 600 mL.","breadcrumb":{"@id":"https:\/\/paxinnovations.com\/shop\/product\/pulverisateur-electrostatique-pax100\/#breadcrumb"},"inLanguage":"en","potentialAction":[{"@type":"ReadAction","target":["https:\/\/paxinnovations.com\/shop\/product\/pulverisateur-electrostatique-pax100\/"]}]},{"@type":"BreadcrumbList","@id":"https:\/\/paxinnovations.com\/shop\/product\/pulverisateur-electrostatique-pax100\/#breadcrumb","itemListElement":[{"@type":"ListItem","position":1,"name":"Home","item":"https:\/\/paxinnovations.com\/shop\/produits\/"},{"@type":"ListItem","position":2,"name":"Products","item":"https:\/\/paxinnovations.com\/shop\/products-2\/"},{"@type":"ListItem","position":3,"name":"Pulv\u00e9risateur \u00c9lectrostatique PAX-100"}]}]}},"_links":{"self":[{"href":"https:\/\/paxinnovations.com\/shop\/wp-json\/wp\/v2\/product\/3481"}],"collection":[{"href":"https:\/\/paxinnovations.com\/shop\/wp-json\/wp\/v2\/product"}],"about":[{"href":"https:\/\/paxinnovations.com\/shop\/wp-json\/wp\/v2\/types\/product"}],"replies":[{"embeddable":true,"href":"https:\/\/paxinnovations.com\/shop\/wp-json\/wp\/v2\/comments?post=3481"}],"wp:featuredmedia":[{"embeddable":true,"href":"https:\/\/paxinnovations.com\/shop\/wp-json\/wp\/v2\/media\/3328"}],"wp:attachment":[{"href":"https:\/\/paxinnovations.com\/shop\/wp-json\/wp\/v2\/media?parent=3481"}],"wp:term":[{"taxonomy":"product_cat","embeddable":true,"href":"https:\/\/paxinnovations.com\/shop\/wp-json\/wp\/v2\/product_cat?post=3481"},{"taxonomy":"product_tag","embeddable":true,"href":"https:\/\/paxinnovations.com\/shop\/wp-json\/wp\/v2\/product_tag?post=3481"}],"curies":[{"name":"wp","href":"https:\/\/api.w.org\/{rel}","templated":true}]}}